{"id":345,"date":"2007-04-14T01:39:12","date_gmt":"2007-04-13T23:39:12","guid":{"rendered":"http:\/\/my.stargazer.at\/road-trip\/"},"modified":"2019-01-13T23:46:02","modified_gmt":"2019-01-13T22:46:02","slug":"road-trip","status":"publish","type":"page","link":"https:\/\/my.stargazer.at\/de\/road-trip\/","title":{"rendered":"RoadTrip"},"content":{"rendered":"<p><img loading=\"lazy\" decoding=\"async\" class=\"aligncenter size-full wp-image-470\" title=\"Logo RoadTrip\" src=\"http:\/\/my.stargazer.at\/wp-content\/uploads\/2007\/07\/roadtriplogo.jpg\" alt=\"Logo RoadTrip\" width=\"500\" height=\"240\" align=\"center\" border=\"1\" \/><\/p>\n<h2>On Tour for kids<\/h2>\n<p>Eine total verr\u00fcckte Idee hatte sich 2007 in meinem Kopf breit gemacht, und scheint mich nicht loslassen zu wollen: eine \u00d6sterreich-Rundfahrt mit meinem Moped, einer Yamaha Neo&#8217;s mit 50 ccm.<\/p>\n<h2>Der Plan:<\/h2>\n<blockquote>\n<ul>\n<li>Erstellung eines Reisetagebuches, eventuell direkt bloggen<\/li>\n<li>Best\u00e4tigung jedes Wegpunkts durch Stempel und\/oder Unterschrift<\/li>\n<li>Tagesleistung von 200-300 km<\/li>\n<\/ul>\n<\/blockquote>\n<h2>Fakten 2007::<\/h2>\n<blockquote>\n<ul>\n<li>1938 gefahrene Kilometer<\/li>\n<li>8 Tage am Moped<\/li>\n<li>0 Pannen<\/li>\n<\/ul>\n<\/blockquote>\n<h2>Routenplanung:<\/h2>\n<p><img decoding=\"async\" src=\"http:\/\/my.stargazer.at\/wp-content\/uploads\/2007\/08\/strecke2.jpg\" alt=\"route\" align=\"center\" border=\"1\" \/><\/p>\n<blockquote>\n<table border=\"0\" width=\"100%\">\n<tbody>\n<tr>\n<td>\n<ul>\n<li>Dornbirn<\/li>\n<li>Feldkirch<\/li>\n<li>Bludenz<\/li>\n<li>Landeck<\/li>\n<li>Imst<\/li>\n<li>Telfs<\/li>\n<li>Innsbruck<\/li>\n<li>W\u00f6rgl<\/li>\n<li>St. Johann in Tirol<\/li>\n<li>Hochfilzen<\/li>\n<li>Zell am See<\/li>\n<li>Lend<\/li>\n<li>St. Johann im Pongau<\/li>\n<li>Bischofshofen<\/li>\n<li>Pass Gsch\u00fctt<\/li>\n<li>Gosau<\/li>\n<li>Bad Ischl<\/li>\n<li>Gmunden<\/li>\n<li>Sattledt<\/li>\n<li>St. Marien<\/li>\n<li>St Florian<\/li>\n<\/ul>\n<\/td>\n<td>\n<ul>\n<li>Enns<\/li>\n<li>Wien<\/li>\n<li>Neusiedl am See<\/li>\n<li>Eisenstadt<\/li>\n<li>Wiener Neustadt<\/li>\n<li>Graz<\/li>\n<li>K\u00f6flach<\/li>\n<li>Wolfsberg<\/li>\n<li>Klagenfurt<\/li>\n<li>Maria W\u00f6rth<\/li>\n<li>Villach<\/li>\n<li>Egg bei Hermagor<\/li>\n<li>Lienz<\/li>\n<li>Felbertauernstra\u00dfe<\/li>\n<li>Mittersill<\/li>\n<li>Kitzb\u00fchl<\/li>\n<li>Innsbruck<\/li>\n<li>Imst<\/li>\n<li>Landeck<\/li>\n<li>Bludenz<\/li>\n<li>Feldkirch<\/li>\n<\/ul>\n<\/td>\n<\/tr>\n<\/tbody>\n<\/table>\n<\/blockquote>\n<h2>F\u00fcr einen guten Zweck<\/h2>\n<p>Um dieser Fahrt noch einen Sinn zu geben, suche ich noch Leute, die bereit sind etwas f\u00fcr eine gute Sache zu tun, wie zum Beispiel pro gefahrenem Kilometer einen Euro zu spenden.<\/p>\n<p>Die Spenden-Aktion wird \u00fcber das <a href=\"http:\/\/www.netz-fuer-kinder.at\" target=\"_blank\">Netz f\u00fcr Kinder<\/a> abgewickelt, da dort schon entsprechende Strukturen vorhanden sind.<\/p>\n<p align=\"center\"><strong>Spendenkonto: <\/strong><\/p>\n<p align=\"center\"><strong>Hypo-Bank Feldkirch<\/strong><\/p>\n<p>KtoNr.: 396<\/p>\n<p>BLZ: 58000<\/p>\n<h2>Sponsoren:<\/h2>\n<p>Es begann alles mit einer Meldung eines Mechanikers des Motorshop Fahr.Werk und der Anfrage ob sie f\u00fcr diese Aktion Werbung auf meiner Maschine im Austausch f\u00fcr ein Notfallsset (Z\u00fcndkerzen, Reifenflickzeug,&#8230;) machen d\u00fcrfen, um mich zu unterst\u00fctzen um sicherzustellen, dass einige Kilometer zur\u00fcckgelegt werden.<\/p>\n<p>Hier ist eine Liste aller sich beteiligenden Sponsoren die die Fahrt an sich unterst\u00fctzen (in alphabetischer Reihenfolge):<\/p>\n<blockquote>\n<ul>\n<li>Arkion.de<\/li>\n<li>Blech Heinz<\/li>\n<li><a title=\"Emsisoft\" href=\"http:\/\/www.emsisoft.at\" target=\"_blank\">Emsisoft<\/a><\/li>\n<li>Fahr.Werk<\/li>\n<li>Harley Geisinger<\/li>\n<li><a href=\"http:\/\/www.oeamtc.at\" target=\"_blank\">\u00d6AMTC<\/a><\/li>\n<li><a href=\"http:\/\/www.owlet.at\" target=\"_blank\">Owlet<\/a><\/li>\n<li>Schellenbaum.com<\/li>\n<li>Tomatengr\u00fcn<\/li>\n<li><a title=\"Loitz\" href=\"http:\/\/www.loitz.at\" target=\"_blank\">Zweiradfachgesch\u00e4ft Loitz<\/a><\/li>\n<\/ul>\n<\/blockquote>\n<p><\/p>","protected":false},"excerpt":{"rendered":"<p>On Tour for kids Eine total verr\u00fcckte Idee hatte sich 2007 in meinem Kopf breit gemacht, und scheint mich nicht loslassen zu wollen: eine \u00d6sterreich-Rundfahrt mit meinem Moped, einer Yamaha Neo&#8217;s mit 50 ccm. Der Plan: Erstellung eines Reisetagebuches, eventuell direkt bloggen Best\u00e4tigung jedes Wegpunkts durch Stempel und\/oder Unterschrift Tagesleistung von 200-300 km Fakten 2007:: 1938 gefahrene Kilometer [&hellip;]<\/p>\n","protected":false},"author":7,"featured_media":0,"parent":0,"menu_order":0,"comment_status":"closed","ping_status":"open","template":"","meta":{"footnotes":""},"class_list":["post-345","page","type-page","status-publish","hentry"],"_links":{"self":[{"href":"https:\/\/my.stargazer.at\/de\/wp-json\/wp\/v2\/pages\/345","targetHints":{"allow":["GET"]}}],"collection":[{"href":"https:\/\/my.stargazer.at\/de\/wp-json\/wp\/v2\/pages"}],"about":[{"href":"https:\/\/my.stargazer.at\/de\/wp-json\/wp\/v2\/types\/page"}],"author":[{"embeddable":true,"href":"https:\/\/my.stargazer.at\/de\/wp-json\/wp\/v2\/users\/7"}],"replies":[{"embeddable":true,"href":"https:\/\/my.stargazer.at\/de\/wp-json\/wp\/v2\/comments?post=345"}],"version-history":[{"count":0,"href":"https:\/\/my.stargazer.at\/de\/wp-json\/wp\/v2\/pages\/345\/revisions"}],"wp:attachment":[{"href":"https:\/\/my.stargazer.at\/de\/wp-json\/wp\/v2\/media?parent=345"}],"curies":[{"name":"wp","href":"https:\/\/api.w.org\/{rel}","templated":true}]}}